{"id":296,"date":"2023-03-26T09:21:53","date_gmt":"2023-03-26T09:21:53","guid":{"rendered":"https:\/\/wibso.ro\/?page_id=296"},"modified":"2023-03-26T20:20:16","modified_gmt":"2023-03-26T20:20:16","slug":"cookies-policy","status":"publish","type":"page","link":"https:\/\/wibso.ro\/ro\/cookies-policy\/","title":{"rendered":"Politica privind modulele cookie"},"content":{"rendered":"<p>Notificare privind confiden\u021bialitatea<br>COMPLIANCE INTEGRITY SOLUTIONS SRL este o societate cu r\u0103spundere limitat\u0103 constituit\u0103 \u00een conformitate cu legisla\u021bia din Rom\u00e2nia, cu sediul social \u00een Calea Mo\u0219ilor 158 E, \u00eenregistrat\u0103 la Registrul Comer\u021bului sub nr. 46319815 (\"wibso\" sau \"Noi\") \u0219i furnizorul solu\u021biei web de whistleblowing wibso.<br><\/p>\n\n\n\n<p>Noi, cei de la wibso, ne angaj\u0103m s\u0103 v\u0103 protej\u0103m datele personale \u0219i confiden\u021bialitatea. Prin aceast\u0103 politic\u0103 de confiden\u021bialitate, dorim s\u0103 ne asigur\u0103m c\u0103 \u00een\u021belege\u021bi cum prelucr\u0103m datele dvs. cu caracter personal \u0219i cum ne asigur\u0103m c\u0103 prelucrarea datelor cu caracter personal efectuat\u0103 de wibso se face \u00eentr-un mod conform, \u00een conformitate cu legisla\u021bia aplicabil\u0103, inclusiv Regulamentul (UE) 2016\/679 al Parlamentului European \u0219i al Consiliului din 27 aprilie 2016 privind protec\u021bia persoanelor fizice \u00een ceea ce prive\u0219te prelucrarea datelor cu caracter personal \u0219i privind libera circula\u021bie a acestor date \u0219i de abrogare a Directivei 95\/46\/CE (Regulamentul general privind protec\u021bia datelor) (\"GDPR\"). Aceast\u0103 politic\u0103 de confiden\u021bialitate descrie, de asemenea, drepturile dumneavoastr\u0103 \u00een calitate de persoan\u0103 vizat\u0103 \u0219i modul \u00een care aceste drepturi pot fi exercitate.<br><\/p>\n\n\n\n<p>Prezenta Notificare privind confiden\u021bialitatea se aplic\u0103 modului \u00een care prelucr\u0103m datele cu caracter personal ale tuturor vizitatorilor acestui site, www.wibso.com (\"site-ul\"). Pentru a afla cum prelucr\u0103m datele care rezult\u0103 din utilizarea platformei wibso, v\u0103 rug\u0103m s\u0103 consulta\u021bi acordul de prelucrare a datelor anexat la contractul \u00eencheiat \u00eentre dumneavoastr\u0103 \u0219i wibso pentru furnizarea serviciului de denun\u021bare. \u00cen continuare, vom descrie prelucrarea datelor cu caracter personal efectuat\u0103 sau controlat\u0103 \u00een alt mod de wibso ca societate. Dac\u0103 dori\u021bi s\u0103 v\u0103 exercita\u021bi oricare dintre drepturile dumneavoastr\u0103 \u00een leg\u0103tur\u0103 cu prelucrarea datelor dumneavoastr\u0103 cu caracter personal, ne pute\u021bi contacta prin intermediul datelor de contact de mai jos \u00een sec\u021biunea<br><\/p>\n\n\n\n<p>11.<\/p>\n\n\n\n<ol class=\"wp-block-list\">\n<li>Ce \u00eenseamn\u0103 prelucrarea datelor cu caracter personal?<br>\"Date cu caracter personal\" reprezint\u0103 orice informa\u021bii care v\u0103 pot fi atribuite direct sau indirect. De exemplu, numele dumneavoastr\u0103, num\u0103rul de securitate social\u0103, adresa, fotografia, adresa de e-mail \u0219i adresa IP. Chiar \u0219i informa\u021biile care nu v\u0103 pot identifica \u00een sine pot constitui date cu caracter personal dac\u0103 v\u0103 pot fi atribuite \u00een combina\u021bie cu alte informa\u021bii. \"Operator\" este organiza\u021bia care decide cu privire la scopurile \u0219i mijloacele de prelucrare a datelor cu caracter personal, \u0219i anume cum \u0219i de ce se realizeaz\u0103 prelucrarea datelor cu caracter personal. \"Prelucrarea datelor\" \u00eenseamn\u0103 toate ac\u021biunile \u00eentreprinse cu datele dumneavoastr\u0103 cu caracter personal. De exemplu, colectarea, \u00eenregistrarea, stocarea, modificarea, prelucrarea, structurarea, distrugerea etc.<\/li>\n\n\n\n<li>Cine este responsabil pentru prelucrarea datelor dumneavoastr\u0103 cu caracter personal?<br>wibso este operatorul pentru prelucrarea datelor cu caracter personal efectuat\u0103 de noi sau \u00een numele nostru<br>\u00een leg\u0103tur\u0103 cu accesarea site-ului. Aceasta \u00eenseamn\u0103 c\u0103 noi decidem cum \u0219i de ce datele dvs. personale<br>datele sunt prelucrate atunci c\u00e2nd vizita\u021bi site-ul web. Atunci c\u00e2nd utilizeaz\u0103 solu\u021bia de denun\u021bare wibso, beneficiarul care a contractat serviciul wibso va fi operatorul pentru prelucrarea datelor cu caracter personal colectate utiliz\u00e2nd platforma wibso.<\/li>\n\n\n\n<li>Ce date cu caracter personal colect\u0103m \u0219i de ce?<br>wibso colecteaz\u0103 \u00een principal date cu caracter personal care sunt necesare pentru a v\u0103 permite s\u0103 utiliza\u021bi produsele noastre<br>sau servicii, de exemplu datele reprezentan\u021bilor clien\u021bilor pentru promovarea, oferirea \u0219i furnizarea ulterioar\u0103 a wibso c\u0103tre dumneavoastr\u0103 \u00een calitate de client. Aceasta \u00eenseamn\u0103 c\u0103 toate sau o parte din produsele \u0219i serviciile noastre nu vor putea fi utilizate dac\u0103 nu dori\u021bi ca noi s\u0103 prelucr\u0103m datele dumneavoastr\u0103 cu caracter personal.<\/li>\n<\/ol>\n\n\n\n<p><br>\u00eembun\u0103t\u0103\u021birea \u0219i dezvoltarea serviciului. Atunci c\u00e2nd vizita\u021bi site-ul web, prelucr\u0103m informa\u021bii despre locul dvs. de re\u0219edin\u021b\u0103, istoricul de clicuri \u0219i vizite, date tehnice de la dispozitivele pe care le-a\u021bi utilizat (de exemplu, adresa IP, sistemul de operare, limba, set\u0103rile browserului) \u0219i informa\u021bii despre locul \u00een care v\u0103 afla\u021bi atunci c\u00e2nd vizita\u021bi site-ul nostru web, c\u00e2t timp a\u021bi vizitat diferite p\u0103r\u021bi ale site-ului web \u0219i dac\u0103 a\u021bi \u00eent\u00e2mpinat probleme tehnice. Facem acest lucru pentru a ne \u00eembun\u0103t\u0103\u021bi serviciile \u0219i site-ul web. <\/p>\n\n\n\n<p>Achizi\u021bii \u0219i abonamente. Atunci c\u00e2nd contracta\u021bi serviciul, v\u0103 putem solicita s\u0103 ne furniza\u021bi numele, adresa, num\u0103rul de telefon, adresa de e-mail \u0219i informa\u021biile de facturare. Facem acest lucru astfel \u00eenc\u00e2t s\u0103 putem<br>poate furniza servicii \u0219i acces la platforma wibso.<br>Prevenirea infrac\u021biunilor \u0219i a utiliz\u0103rii abuzive. Colect\u0103m date despre istoricul clicurilor dvs. \u0219i al vizitatorilor, date tehnice<br>date de la dispozitivele pe care le-a\u021bi utilizat pentru a vizita site-ul nostru (de exemplu, adresa IP, sistemul de operare,<br>limba, set\u0103rile browserului). Facem acest lucru pentru a preveni \u0219i investiga frauda \u0219i alte infrac\u021biuni, precum<br>precum \u0219i pentru a \u00eembun\u0103t\u0103\u021bi securitatea serviciilor noastre.<br>Majoritatea datelor de mai sus, wibso le colecteaz\u0103 direct de la dvs. De asemenea, este posibil s\u0103 v\u0103 colect\u0103m public<br>informa\u021biile disponibile din eviden\u021bele publice.<\/p>\n\n\n\n<ol class=\"wp-block-list\" start=\"4\">\n<li>Care sunt temeiurile noastre legale pentru prelucrarea datelor dumneavoastr\u0103 cu caracter personal?<br>Prelucr\u0103m \u00eentotdeauna datele dumneavoastr\u0103 cu caracter personal \u00een conformitate cu legisla\u021bia \u00een vigoare, inclusiv cu<br>GDPR. \u00cen conformitate cu GDPR, prelucrarea datelor cu caracter personal trebuie s\u0103 se bazeze pe una sau mai multe<br>baze legale:<br>Obliga\u021bii legale. Pentru prelucrarea care este efectuat\u0103 deoarece este necesar\u0103 pentru a \u00eendeplini o obliga\u021bie legal\u0103<br>obliga\u021bie, facem acest lucru pentru ca wibso s\u0103 poat\u0103 \u00eendeplini o obliga\u021bie impus\u0103 de lege.<br>Executarea obliga\u021biilor contractuale. Datele cu caracter personal specifice vor fi prelucrate \u00een scopul<br>pentru \u00eendeplinirea obliga\u021biilor care decurg dintr-un contract \u00eencheiat \u00eentre dumneavoastr\u0103 \u0219i wibso sau pentru<br>scopul de a \u00eencheia un astfel de acord.<br>Interes legitim. Atunci c\u00e2nd prelucr\u0103m datele dumneavoastr\u0103 cu caracter personal pentru a putea \u00eembun\u0103t\u0103\u021bi \u0219i<br>s\u0103 dezvolt\u0103m serviciul, s\u0103 prevenim infrac\u021biunile \u0219i utilizarea abuziv\u0103 a serviciului, facem acest lucru pe baza<br>interese legitime \u00een prelucrarea datelor dumneavoastr\u0103 cu caracter personal \u00eentr-un mod care poate fi a\u0219teptat \u00een<br>func\u021bionare a wibso.<br>Consim\u021b\u0103m\u00e2nt. \u00cen anumite cazuri, v\u0103 putem solicita s\u0103 v\u0103 da\u021bi consim\u021b\u0103m\u00e2ntul pentru datele cu caracter personal<br>prelucrare, de exemplu dac\u0103 dorim s\u0103 \u00eemp\u0103rt\u0103\u0219im datele dvs. personale cu o alt\u0103 companie<br>sau \u00een scopuri de marketing. \u00cen acest caz, v\u0103 vom informa cu privire la prelucrarea datelor cu caracter personal<br>la care v\u0103 da\u021bi consim\u021b\u0103m\u00e2ntul, de ce \u0219i cum v\u0103 pute\u021bi retrage consim\u021b\u0103m\u00e2ntul.<\/li>\n\n\n\n<li>Utilizarea modulelor cookie<br>Ce sunt modulele cookie? Un cookie este un mic fi\u0219ier text care este stocat pe dispozitivul pe care \u00eel utiliza\u021bi pentru a vizita<br>site-ul web. Cookie-ul permite site-ului web s\u0103 recunoasc\u0103 \u0219i s\u0103 colecteze informa\u021bii despre dvs.<br>dispozitiv, browser, adres\u0103 IP, sistem de operare \u0219i site-uri web vizitate sau func\u021bii utilizate.<br>Informa\u021biile colectate nu v\u0103 pot identifica ca persoan\u0103 \u0219i vor identifica doar dispozitivul<br>sunt utilizate.<br>De ce folosim module cookie? Majoritatea site-urilor web utilizeaz\u0103 module cookie, iar unele module cookie sunt chiar<br>necesare pentru ca site-ul s\u0103 func\u021bioneze conform destina\u021biei. Cookie-urile pot fi, de asemenea, utilizate pentru a colecta<br>informa\u021bii \u00een scopul \u00eembun\u0103t\u0103\u021birii site-ului, al adapt\u0103rii anun\u021burilor \u0219i a con\u021binutului de pe<br>site-ul web \u0219i evaluarea succesului campaniilor sau al publicit\u0103\u021bii pe site.<\/li>\n<\/ol>\n\n\n\n<p><br>Cum pot accepta sau respinge utilizarea modulelor cookie? Atunci c\u00e2nd intra\u021bi pe site-ul nostru, ve\u021bi avea<br>op\u021biunea de a utiliza numai modulele cookie necesare, unele module cookie suplimentare sau toate modulele cookie. Dac\u0103<br>alege\u021bi s\u0103 nu accepta\u021bi niciun cookie suplimentar, aceste informa\u021bii vor fi salvate ca un cookie. Dac\u0103<br>accepta\u021bi module cookie suplimentare, acestea vor fi setate pentru a colecta informa\u021bii \u00een scopul<br>descris, cu toate acestea, s\u0103 nu colecteze niciodat\u0103 datele dvs. personale.<br>Toate browserele v\u0103 permit s\u0103 respinge\u021bi modulele cookie \u00een set\u0103rile browserului - acestea variaz\u0103 \u00een func\u021bie de<br>pe browserul dumneavoastr\u0103. Re\u021bine\u021bi c\u0103 o respingere a tuturor cookie-urilor poate afecta func\u021bionalitatea<br>deoarece nicio informa\u021bie nu poate fi colectat\u0103 de pe dispozitivul dumneavoastr\u0103.<br>Ce module cookie folosim \u0219i de ce?<br>Mai jos ve\u021bi vedea cookie-urile utilizate \u00een prezent pe site-urile web ale wibso. Nu vom ad\u0103uga niciun<br>noi module cookie f\u0103r\u0103 a v\u0103 informa \u00een prealabil.<br>A. Cookie-uri \u00eencep\u00e2nd cu 24 martie 2023<br>Nume Scop Proprietar de date Furnizor Durata de via\u021b\u0103 Ter\u021b\u0103 parte<br>Politica de confiden\u021bialitate<\/p>\n\n\n\n<p>NECESAR<br>_cfuid Cookie-ul este utilizat de serviciile cdn<br>cum ar fi CloudFare pentru a identifica persoanele<br>clien\u021bi \u00een spatele unei adrese IP partajate<br>\u0219i aplica\u021bi set\u0103rile de securitate pe un<br>pe baz\u0103 de client. Aceasta nu<br>corespund oric\u0103rui ID de utilizator din<br>aplica\u021bie web \u0219i nu stocheaz\u0103<br>orice date de identificare personal\u0103<br>informa\u021bii.<\/p>\n\n\n\n<p>wibso Cloudflare 1 lun\u0103 cloudlfare.com\/<\/p>\n\n\n\n<p>element sau Utilizat \u00een contextul site-ului<br>Tem\u0103 WordPress. Cookie-ul<br>permite proprietarului site-ului s\u0103<br>s\u0103 pun\u0103 \u00een aplicare sau s\u0103 modifice site-ul<br>con\u021binut \u00een timp real.<\/p>\n\n\n\n<p>wibso Elementor\/Wor<br>dpress<\/p>\n\n\n\n<p>Persistent wordpress.com\/<\/p>\n\n\n\n<p>PREFEREN\u021aE<br>lang Acest modul cookie este utilizat pentru a stoca<br>preferin\u021bele lingvistice ale unui utilizator pentru<br>s\u0103 serveasc\u0103 con\u021binut \u00een acel format stocat<br>limba data viitoare c\u00e2nd utilizatorul viziteaz\u0103<br>site-ul web.<\/p>\n\n\n\n<p>LinkedIn ads.linkedin.com<\/p>\n\n\n\n<p>Sesiune https:\/\/www.linkedin.com\/legal\/cookie-policy<\/p>\n\n\n\n<p>STATISTICI<br>_ga Acest modul cookie este instalat de Google Analytics.Modulul cookie este utilizat pentru a calcula datele privind vizitatorii, sesiunea, campania \u0219i pentru a \u021bine eviden\u021ba utiliz\u0103rii site-ului pentru raportul analitic al site-ului. Cookie-urile stocheaz\u0103 informa\u021biile \u00een mod anonim \u0219i atribuie un nume generat aleatoriu<br>Google Analytics<\/p>\n\n\n\n<p>Google Analytics<\/p>\n\n\n\n<p>2 ani https:\/\/policies.google.com\/privacy<\/p>\n\n\n\n<p>Pagina 4\/2<\/p>\n\n\n\n<p>pentru a identifica vizitatorii unici.<\/p>\n\n\n\n<p>_gat Utilizat de Google Analytics pentru a accelera rata de solicitare<\/p>\n\n\n\n<p>Google Analytics<\/p>\n\n\n\n<p>1 zi https:\/\/policies.google.com\/privacy<\/p>\n\n\n\n<p>_gid Acest modul cookie este instalat de GooglecAnalytics. Cookie-ul este utilizat pentru a stoca informa\u021bii despre modul \u00een care vizitatorii<br>utilizeaz\u0103 un site web \u0219i ajut\u0103 la crearea unui raport analitic cu privire la modul \u00een care site-ul web se descurc\u0103. Datele<br>colectate, inclusiv num\u0103rul de vizitatori, sursa de unde au venit \u0219i paginile vizitate \u00eentr-o form\u0103 anonim\u0103.<\/p>\n\n\n\n<p>Google Analytics<\/p>\n\n\n\n<p>Google Analytics<\/p>\n\n\n\n<p> zi https:\/\/policies.google.com\/privacy<\/p>\n\n\n\n<p><\/p>\n\n\n\n<p>wibso Facebook 3 luni https:\/\/developers.facebook.com\/docs\/facebook-pixel\/using-the-pixel<\/p>\n\n\n\n<p>fr Cookie-ul este setat de Facebook pentru a afi\u0219a reclame relevante pentru utilizatori \u0219i pentru a m\u0103sura \u0219i \u00eembun\u0103t\u0103\u021bi reclamele. Cookie-ul urm\u0103re\u0219te, de asemenea, comportamentul utilizatorului pe web pe site-urile care au Facebook pixel sau Facebook social plugin<\/p>\n\n\n\n<p><\/p>\n\n\n\n<p>wibso Leadfeeder 2 ani https:\/\/www.leadfeeder.com\/privacy\/<\/p>\n\n\n\n<p><\/p>\n\n\n\n<ol class=\"wp-block-list\" start=\"6\">\n<li>Pentru c\u00e2t timp sunt stocate datele mele cu caracter personal?<br>Datele personale pe care le colect\u0103m despre dumneavoastr\u0103 vor fi stocate at\u00e2t timp c\u00e2t este necesar. De asemenea, noi<br>s\u0103 stoca\u021bi toate datele cu caracter personal p\u00e2n\u0103 la [Text] dup\u0103 ce acestea au fost colectate, pentru a v\u0103 asigura c\u0103 pute\u021bi asigura urm\u0103rirea<br>cu privire la anumite aspecte \u0219i pentru a putea investiga \u0219i preveni frauda.<br>V\u0103 rug\u0103m s\u0103 re\u021bine\u021bi c\u0103 anumite date cu caracter personal trebuie stocate pentru o perioad\u0103 mai lung\u0103 dac\u0103 acest lucru este impus de<br>lege. Datele cu caracter personal care v\u0103 sunt atribuite nu vor fi stocate mai mult dec\u00e2t este necesar sau \u00een<br>\u00eentr-un mod incompatibil cu legisla\u021bia \u00een vigoare.<\/li>\n\n\n\n<li>Partaja\u021bi datele mele personale?<br>Pentru a v\u0103 putea oferi serviciile \u0219i produsele noastre, \u00een unele cazuri va fi necesar ca<br>s\u0103 partaj\u0103m datele dvs. cu caracter personal cu alte companii. Companiile care prelucreaz\u0103 datele dvs. personale<br>date \u00een numele nostru \u0219i \u00een conformitate cu instruc\u021biunile noastre sunt numi\u021bi prelucr\u0103tori.<br>Utiliz\u0103m procesatori pentru comercializarea serviciilor noastre (agen\u021bii media, agen\u021bii de publicitate etc.)<br>\u0219i pentru serviciile noastre IT (operarea \u0219i asisten\u021ba tehnic\u0103 a site-ului web \u0219i a altor sisteme IT).<br>\u00cen unele cazuri, vom partaja datele dumneavoastr\u0103 cu caracter personal cu companii care sunt considerate<br>operatori independen\u021bi dup\u0103 ce au preluat o parte din datele dumneavoastr\u0103 cu caracter personal. Aceasta \u00eenseamn\u0103 c\u0103 noi<br>nu mai determin\u0103 modul \u00een care datele dumneavoastr\u0103 cu caracter personal sunt prelucrate. Acesta este cazul, pentru<br>de exemplu, atunci c\u00e2nd face\u021bi clic pe un link afiliat care v\u0103 va duce la un alt site web. Acesta este<br>de asemenea, \u00een cazul \u00een care \u00eemp\u0103rt\u0103\u0219im datele dumneavoastr\u0103 cu caracter personal cu societ\u0103\u021bi care ofer\u0103 servicii de plat\u0103<br>solu\u021bii. Aceast\u0103 not\u0103 de confiden\u021bialitate con\u021bine doar informa\u021bii despre modul \u00een care wibso v\u0103 prelucreaz\u0103<br>date cu caracter personal atunci c\u00e2nd vizita\u021bi site-ul web, a\u0219a c\u0103 v\u0103 \u00eencuraj\u0103m s\u0103 citi\u021bi nota de confiden\u021bialitate de pe<br>alte site-uri web pe care le vizita\u021bi.<br>De asemenea, putem partaja datele cu caracter personal cu o ter\u021b\u0103 parte (cum ar fi poli\u021bia, autoritatea fiscal\u0103 sau<br>orice alt\u0103 autoritate) \u00een cazul unei anchete penale sau dac\u0103 suntem altfel obliga\u021bi s\u0103<br>s\u0103 furnizeze astfel de informa\u021bii \u00een temeiul legii.<\/li>\n\n\n\n<li>Procesatori ter\u021bi<br>Partenerii \u0219i furnizorii no\u0219tri de servicii atent selecta\u021bi pot prelucra informa\u021bii cu caracter personal<br>despre dumneavoastr\u0103 \u00een numele nostru, astfel cum este descris mai jos:<br>Furnizori de servicii de marketing digital<br>Periodic, desemn\u0103m agen\u021bi de marketing digital pentru a desf\u0103\u0219ura activit\u0103\u021bi de marketing \u00een numele nostru,<br>o astfel de activitate poate duce la prelucrarea conform\u0103 a informa\u021biilor cu caracter personal.  Personalul nostru desemnat<br>prelucr\u0103torii de date includ:<br>\uf0b7 [denumirea societ\u0103\u021bii] (care \u00ee\u0219i desf\u0103\u0219oar\u0103 activitatea sub denumirea comercial\u0103 [denumirea comercial\u0103]) Nr. reg. [CUI]. Pute\u021bi contacta<br>[nume comercial] \u0219i consulta\u021bi politica lor de confiden\u021bialitate aici: [link].  Protec\u021bia datelor lor<br>Ofi\u021berul poate fi contactat prin e-mail la adresa: [e-mail].<\/li>\n\n\n\n<li>Unde sunt prelucrate datele mele cu caracter personal?<br>wibso se str\u0103duie\u0219te s\u0103 prelucreze datele dumneavoastr\u0103 cu caracter personal numai \u00een cadrul UE\/SEE. Chiar dac\u0103 sistemul nostru IT<br>sistemele \u0219i serverele sunt situate \u00een UE\/SEE, este posibil s\u0103 fie necesar\u0103 partajarea informa\u021biilor dvs.<\/li>\n<\/ol>\n\n\n\n<p>Pagina 6\/2<br>cu un furnizor sau un subcontractant din afara UE\/SEE, de exemplu pentru asisten\u021ba sistemelor noastre IT. \u00cen acest caz, vom lua m\u0103surile necesare pentru a ne asigura c\u0103 datele dumneavoastr\u0103 sunt prelucrate la acela\u0219i nivel de protec\u021bie ca \u00een UE\/SEE. Dac\u0103 ave\u021bi \u00eentreb\u0103ri cu privire la m\u0103surile de securitate luate, v\u0103 invit\u0103m s\u0103 ne contacta\u021bi.<\/p>\n\n\n\n<ol class=\"wp-block-list\" start=\"10\">\n<li>Care sunt drepturile dumneavoastr\u0103?<br>Dreptul la informare. Ave\u021bi dreptul de a fi informat cu privire la modul \u00een care datele dumneavoastr\u0103 cu caracter personal sunt<br>prelucrate \u0219i de ce. Aceste informa\u021bii sunt furnizate prin intermediul acestei politici de confiden\u021bialitate \u0219i atunci c\u00e2nd<br>datele cu caracter personal sunt colectate.<br>Dreptul de acces. Ave\u021bi dreptul de a solicita accesul la datele cu caracter personal prelucrate cu privire la<br>\u00een orice moment, \u00een conformitate cu GDPR.<br>Dreptul la rectificare. Ave\u021bi dreptul ca datele cu caracter personal inexacte referitoare la dvs.<br>corectat.<br>Dreptul la \u0219tergere. \u00cen unele cazuri, ave\u021bi dreptul de a solicita \u0219tergerea datelor dvs. personale<br>date.<br>Dreptul la restric\u021bionare. Ave\u021bi dreptul de a restric\u021biona prelucrarea de c\u0103tre noi a datelor dvs. cu caracter personal, pentru<br>de exemplu, prin dezabonarea de la buletinul nostru informativ sau prin modificarea set\u0103rilor cookie \u00een<br>browser.<br>Dreptul la portabilitatea datelor. \u00cen unele cazuri, pute\u021bi solicita ca datele dvs. s\u0103 fie furnizate c\u0103tre<br>\u00eentr-un format portabil \u0219i s\u0103 le transmit\u0103 unui alt operator.<br>Dreptul la opozi\u021bie. Ave\u021bi dreptul s\u0103 v\u0103 opune\u021bi prelucr\u0103rii de c\u0103tre wibso a datelor dumneavoastr\u0103 cu caracter personal.<br>Dac\u0103 dori\u021bi s\u0103 v\u0103 exercita\u021bi oricare dintre drepturile dumneavoastr\u0103 sau dac\u0103 ave\u021bi \u00eentreb\u0103ri cu privire la prelucrarea datelor de c\u0103tre wibso<br>a datelor dumneavoastr\u0103 cu caracter personal, v\u0103 rug\u0103m s\u0103 ne contacta\u021bi prin intermediul datelor de contact de mai jos.<br>Dac\u0103 ave\u021bi vreo pl\u00e2ngere cu privire la prelucrarea datelor dvs. personale de c\u0103tre wibso, pute\u021bi<br>contacta\u021bi wibso la datele de contact enumerate mai jos pentru a g\u0103si o solu\u021bie amiabil\u0103 \u0219i<br>s\u0103 ne oferi\u021bi \u0219ansa de a explica sau de a remedia orice situa\u021bie. De asemenea, ave\u021bi dreptul de a depune o<br>pl\u00e2ngere la autoritatea de supraveghere relevant\u0103 pentru protec\u021bia datelor, (\u00een Rom\u00e2nia, autoritatea de supraveghere<br>autoritatea de protec\u021bie este Autoritatea Na\u021bional\u0103 de Supraveghere a Prelucr\u0103rii Datelor cu<br>Caracter Personal), \u00een orice moment, dac\u0103 considera\u021bi c\u0103 datele dumneavoastr\u0103 cu caracter personal sunt prelucrate \u00een<br>\u00eenc\u0103lcarea legisla\u021biei aplicabile privind protec\u021bia datelor.<\/li>\n\n\n\n<li>Cum ne pute\u021bi contacta?<br>Operatorul pentru prelucrarea datelor dvs. cu caracter personal atunci c\u00e2nd vizita\u021bi site-ul web este wibso. Dac\u0103 dvs.<br>ave\u021bi \u00eentreb\u0103ri cu privire la modul \u00een care prelucr\u0103m datele dumneavoastr\u0103 cu caracter personal, v\u0103 rug\u0103m s\u0103 ne contacta\u021bi prin intermediul<br>urm\u0103toarele informa\u021bii de contact:<br>COMPLIANCE INTEGRITY SOLUTIONS SRL\u00a0<br>Calea Mosilor 158 E<br>office@wibso.ro<\/li>\n<\/ol>","protected":false},"excerpt":{"rendered":"<p>Notificare privind confiden\u021bialitateaCOMPLIANCE INTEGRITY SOLUTIONS SRL este o societate cu r\u0103spundere limitat\u0103 constituit\u0103 \u00een conformitate cu legile din Rom\u00e2nia, cu sediul social \u00een Calea Mosilor 158 E, \u00eenregistrat\u0103 la<span class=\"excerpt-hellip\"> [...]<\/span><\/p>","protected":false},"author":1,"featured_media":0,"parent":0,"menu_order":0,"comment_status":"closed","ping_status":"closed","template":"","meta":{"footnotes":""},"class_list":["post-296","page","type-page","status-publish","hentry"],"_links":{"self":[{"href":"https:\/\/wibso.ro\/ro\/wp-json\/wp\/v2\/pages\/296","targetHints":{"allow":["GET"]}}],"collection":[{"href":"https:\/\/wibso.ro\/ro\/wp-json\/wp\/v2\/pages"}],"about":[{"href":"https:\/\/wibso.ro\/ro\/wp-json\/wp\/v2\/types\/page"}],"author":[{"embeddable":true,"href":"https:\/\/wibso.ro\/ro\/wp-json\/wp\/v2\/users\/1"}],"replies":[{"embeddable":true,"href":"https:\/\/wibso.ro\/ro\/wp-json\/wp\/v2\/comments?post=296"}],"version-history":[{"count":4,"href":"https:\/\/wibso.ro\/ro\/wp-json\/wp\/v2\/pages\/296\/revisions"}],"predecessor-version":[{"id":307,"href":"https:\/\/wibso.ro\/ro\/wp-json\/wp\/v2\/pages\/296\/revisions\/307"}],"wp:attachment":[{"href":"https:\/\/wibso.ro\/ro\/wp-json\/wp\/v2\/media?parent=296"}],"curies":[{"name":"wp","href":"https:\/\/api.w.org\/{rel}","templated":true}]}}