{"id":294,"date":"2023-03-26T09:18:39","date_gmt":"2023-03-26T09:18:39","guid":{"rendered":"https:\/\/wibso.ro\/?page_id=294"},"modified":"2024-01-24T16:49:44","modified_gmt":"2024-01-24T16:49:44","slug":"terms-and-conditions","status":"publish","type":"page","link":"https:\/\/wibso.ro\/ro\/terms-and-conditions\/","title":{"rendered":"Termeni \u0219i condi\u021bii"},"content":{"rendered":"<p>Site-ul wibso, con\u021binutul s\u0103u \u0219i serviciile conexe, disponibile pe https:\/\/wibso.com (\"<strong>Site web<\/strong>\") furnizate de COMPLIANCE INTEGRITY SOLUTIONS SRL, societate cu r\u0103spundere limitat\u0103 constituit\u0103 \u00een conformitate cu legisla\u021bia din Rom\u00e2nia, cu sediul social \u00een Calea Mo\u0219ilor 158 E, \u00eenregistrat\u0103 la Registrul Comer\u021bului sub nr. 46319815 (\"<strong>wibso<\/strong>\", \"<strong>noi<\/strong>\", \"<strong>noi<\/strong>\" \u0219i \"<strong>nostru<\/strong>\"), se supune urm\u0103toarelor condi\u021bii de utilizare (\"<strong>Termeni de utilizare a site-ului<\/strong>\").<\/p>\n\n\n\n<p>Versiunea \u00een limba englez\u0103 a site-ului va guverna ace\u0219ti Termeni de utilizare a site-ului \u0219i poate fi actualizat\u0103 din c\u00e2nd \u00een c\u00e2nd. Pot ap\u0103rea diferen\u021be \u00eentre diferitele versiuni lingvistice ale site-ului web.<\/p>\n\n\n\n<p>Dac\u0103 nu sunte\u021bi de acord cu toate clauzele prezentelor condi\u021bii de utilizare a site-ului, atunci trebuie s\u0103 v\u0103 ab\u021bine\u021bi de la accesarea \u0219i\/sau utilizarea site-ului.<\/p>\n\n\n\n<p><strong>1. Site web \u0219i servicii<\/strong><\/p>\n\n\n\n<p>Pe parcursul acestui site, v\u0103 oferim acces la diverse forme de materiale (\"<strong>Material<\/strong>\"). Prezentele condi\u021bii de utilizare a site-ului web nu se aplic\u0103 utiliz\u0103rii gratuite sau cu plat\u0103 a wibso (serviciul de denun\u021bare, canalul de comunicare, instrumentul de gestionare a cazurilor), care este reglementat\u0103 de acordul separat care urmeaz\u0103 s\u0103 fie \u00eencheiat \u00eentre dumneavoastr\u0103 \u0219i wibso.<\/p>\n\n\n\n<p><strong>2. Informa\u021bii personale&nbsp;<\/strong><\/p>\n\n\n\n<p>Informa\u021biile cu caracter personal transmise de dvs. prin intermediul sau \u00een leg\u0103tur\u0103 cu utilizarea site-ului web sunt reglementate de&nbsp;<strong>Politica de confiden\u021bialitate<\/strong>, care poate fi actualizat\u0103 periodic.<\/p>\n\n\n\n<p><strong>3. Material<\/strong><\/p>\n\n\n\n<p>Toate drepturile de proprietate intelectual\u0103 sau alte drepturi similare, inclusiv, dar f\u0103r\u0103 a se limita la, drepturi de autor, desene, brevete \u0219i m\u0103rci comerciale de pe site-ul web \u0219i con\u021binutul acestuia, sunt de\u021binute de wibso sau de furnizorii wibso. Utilizarea de c\u0103tre dvs. a Site-ului web nu v\u0103 transfer\u0103 dvs. sau unei ter\u021be p\u0103r\u021bi niciun drept, titlu sau interes \u00een leg\u0103tur\u0103 cu astfel de drepturi de proprietate intelectual\u0103 sau similare. Nu ve\u021bi:<\/p>\n\n\n\n<p>(a) licen\u021bierea, v\u00e2nzarea, \u00eenchirierea, leasingul, transferul, cesionarea, distribuirea, g\u0103zduirea sau exploatarea \u00een alt mod a oric\u0103rui con\u021binut afi\u0219at pe Site;<\/p>\n\n\n\n<p>(b) copierea, modificarea, crearea de lucr\u0103ri derivate, dezasamblarea sau ingineria invers\u0103 a oric\u0103rei p\u0103r\u021bi a site-ului;<\/p>\n\n\n\n<p>(c) s\u0103 acceseze site-ul web pentru a construi un site web similar sau competitiv;<\/p>\n\n\n\n<p>(d) interfera\u021bi cu, \u00eentrerupe\u021bi sau crea\u021bi o sarcin\u0103 nejustificat\u0103 asupra serverelor sau re\u021belelor conectate la Site; sau<\/p>\n\n\n\n<p>(e) \u00eencerca\u021bi s\u0103 ob\u021bine\u021bi acces neautorizat la site-ul web (sau la alte sisteme sau re\u021bele informatice conectate la site-ul web sau utilizate \u00eempreun\u0103 cu acesta), fie prin c\u0103utarea parolei, fie prin orice alte mijloace.<\/p>\n\n\n\n<p><strong>4. Modificare \u0219i \u00eentrerupere<\/strong><\/p>\n\n\n\n<p>Ne rezerv\u0103m dreptul de a modifica sau de a \u00eentrerupe Site-ul sau Materialul, \u00een orice moment, \u00een \u00eentregime sau par\u021bial. Sunte\u021bi de acord c\u0103 nu vom fi r\u0103spunz\u0103tori fa\u021b\u0103 de dvs. sau fa\u021b\u0103 de o ter\u021b\u0103 parte pentru nicio astfel de modificare sau \u00eentrerupere.<\/p>\n\n\n\n<p><strong>5. Indemniza\u021bie<\/strong><\/p>\n\n\n\n<p>Sunte\u021bi de acord s\u0103 desp\u0103gubi\u021bi wibso, inclusiv costurile rezonabile \u0219i onorariile legale, de orice reclama\u021bie sau cerere formulat\u0103 de orice ter\u021b\u0103 parte din cauza sau ca urmare a (a) \u00eenc\u0103lc\u0103rii de c\u0103tre dvs. a acestor Termeni de utilizare a site-ului web sau (b) \u00eenc\u0103lc\u0103rii de c\u0103tre dvs. a legilor sau reglement\u0103rilor aplicabile. Sunte\u021bi de acord s\u0103 coopera\u021bi cu noi \u00een astfel de cereri \u0219i s\u0103 ne informa\u021bi \u00een orice moment cu privire la progresul ap\u0103r\u0103rii dvs. \u0219i s\u0103 lua\u021bi \u00een considerare cerin\u021bele noastre rezonabile \u00een leg\u0103tur\u0103 cu o \u00een\u021belegere \u00eentre dvs. \u0219i partea ter\u021b\u0103.<\/p>\n\n\n\n<p><strong>6. Disclaimer<\/strong><\/p>\n\n\n\n<p>Site-ul web \u0219i Materialul sunt furnizate \"a\u0219a cum sunt\" \u0219i \"\u00een func\u021bie de disponibilitate\", \u00een m\u0103sura permis\u0103 de legile aplicabile. wibso \u0219i furnizorii no\u0219tri declin\u0103 \u00een mod expres orice garan\u021bii \u0219i condi\u021bii de orice fel, fie explicite, fie implicite, inclusiv toate garan\u021biile sau condi\u021biile, adecvarea la un anumit scop, titlul, pl\u0103cerea lini\u0219tit\u0103, acurate\u021bea sau neincalcarea. wibso \u0219i furnizorii s\u0103i nu garanteaz\u0103 c\u0103 Site-ul \u0219i Materialul vor \u00eendeplini cerin\u021bele dumneavoastr\u0103, vor fi disponibile \u00een mod ne\u00eentrerupt, \u00een timp util, sigur sau f\u0103r\u0103 erori, sau vor fi exacte, fiabile, f\u0103r\u0103 viru\u0219i sau alte coduri d\u0103un\u0103toare, complete sau legale. Prezenta clauz\u0103 de exonerare de r\u0103spundere nu se aplic\u0103 garan\u021biilor legale datorate \u00een mod obligatoriu \u00een rela\u021bia cu consumatorii.<\/p>\n\n\n\n<p><strong>7. R\u0103spundere<\/strong><\/p>\n\n\n\n<p>\u00cen m\u0103sura maxim\u0103 permis\u0103 de lege \u0219i sub rezerva ultimului paragraf din aceast\u0103 sec\u021biune, wibso nu va fi \u00een niciun caz r\u0103spunz\u0103tor fa\u021b\u0103 de dvs. sau fa\u021b\u0103 de ter\u021bi pentru niciun fel de daune, pierderi de profit, pierderi de date, costuri de achizi\u021bionare a unor produse de \u00eenlocuire sau orice daune indirecte, consecvente, exemplare, accidentale, speciale sau punitive care rezult\u0103 din sau sunt legate de utilizarea sau incapacitatea dvs. de a utiliza site-ul web. Accesul la site-ul web \u0219i utilizarea acestuia sunt la discre\u021bia dumneavoastr\u0103.<\/p>\n\n\n\n<p>\u00cen m\u0103sura maxim\u0103 permis\u0103 de lege \u0219i sub rezerva ultimei fraze din aceast\u0103 sec\u021biune, r\u0103spunderea noastr\u0103 fa\u021b\u0103 de dvs. pentru orice daune rezultate din sau legate de ace\u0219ti Termeni de utilizare a site-ului (indiferent de cauz\u0103 \u0219i de forma ac\u021biunii) va fi exclus\u0103 \u00een orice moment.<\/p>\n\n\n\n<p>wibso nu exclude nicio r\u0103spundere care nu poate fi exclus\u0103 prin lege.<\/p>\n\n\n\n<p><strong>8. Leg\u0103turi cu ter\u021be p\u0103r\u021bi<\/strong><\/p>\n\n\n\n<p>Site-ul web sau Materialul pot con\u021bine linkuri c\u0103tre site-uri web \u0219i servicii ale unor ter\u021be p\u0103r\u021bi care sunt externe site-ului web. Aceste site-uri web nu sunt sub controlul nostru. Nu suntem responsabili pentru con\u021binutul acestor site-uri. Link-urile c\u0103tre site-urile web ale ter\u021bilor sunt furnizate doar pentru confortul dumneavoastr\u0103. wibso nu sus\u021bine \u0219i nu face nicio declara\u021bie, garan\u021bie sau asigurare cu privire la niciun site web, serviciu sau produs al ter\u021bilor.<\/p>\n\n\n\n<p><strong>9. Informa\u021bii de contact<\/strong><\/p>\n\n\n\n<p>Dac\u0103 dori\u021bi s\u0103 ne contacta\u021bi sau dac\u0103 ace\u0219ti Termeni de utilizare a site-ului v\u0103 solicit\u0103 s\u0103 ne trimite\u021bi o notificare \u00een scris, v\u0103 rug\u0103m s\u0103 ne contacta\u021bi la:<\/p>\n\n\n\n<p>birou@<\/p>","protected":false},"excerpt":{"rendered":"<p>Site-ul wibso, con\u021binutul acestuia \u0219i serviciile conexe, disponibile pe https:\/\/wibso.com (\"Site-ul\") furnizate de COMPLIANCE INTEGRITY SOLUTIONS SRL, o societate cu r\u0103spundere limitat\u0103 constituit\u0103 \u00een conformitate cu legisla\u021bia din Rom\u00e2nia, cu<span class=\"excerpt-hellip\"> [...]<\/span><\/p>","protected":false},"author":1,"featured_media":0,"parent":0,"menu_order":0,"comment_status":"closed","ping_status":"closed","template":"","meta":{"footnotes":""},"class_list":["post-294","page","type-page","status-publish","hentry"],"_links":{"self":[{"href":"https:\/\/wibso.ro\/ro\/wp-json\/wp\/v2\/pages\/294","targetHints":{"allow":["GET"]}}],"collection":[{"href":"https:\/\/wibso.ro\/ro\/wp-json\/wp\/v2\/pages"}],"about":[{"href":"https:\/\/wibso.ro\/ro\/wp-json\/wp\/v2\/types\/page"}],"author":[{"embeddable":true,"href":"https:\/\/wibso.ro\/ro\/wp-json\/wp\/v2\/users\/1"}],"replies":[{"embeddable":true,"href":"https:\/\/wibso.ro\/ro\/wp-json\/wp\/v2\/comments?post=294"}],"version-history":[{"count":3,"href":"https:\/\/wibso.ro\/ro\/wp-json\/wp\/v2\/pages\/294\/revisions"}],"predecessor-version":[{"id":303,"href":"https:\/\/wibso.ro\/ro\/wp-json\/wp\/v2\/pages\/294\/revisions\/303"}],"wp:attachment":[{"href":"https:\/\/wibso.ro\/ro\/wp-json\/wp\/v2\/media?parent=294"}],"curies":[{"name":"wp","href":"https:\/\/api.w.org\/{rel}","templated":true}]}}