{"id":242,"date":"2023-03-23T20:35:54","date_gmt":"2023-03-23T20:35:54","guid":{"rendered":"https:\/\/wibso.ro\/?page_id=242"},"modified":"2023-07-20T11:43:49","modified_gmt":"2023-07-20T11:43:49","slug":"about-us","status":"publish","type":"page","link":"https:\/\/wibso.ro\/ro\/about-us\/","title":{"rendered":"About Us"},"content":{"rendered":"<div data-elementor-type=\"wp-page\" data-elementor-id=\"242\" class=\"elementor elementor-242\" data-elementor-post-type=\"page\">\n\t\t\t\t\t\t<section class=\"elementor-section elementor-top-section elementor-element elementor-element-6fa4690 elementor-section-stretched elementor-section-boxed elementor-section-height-default elementor-section-height-default\" data-id=\"6fa4690\" data-element_type=\"section\" data-settings=\"{&quot;stretch_section&quot;:&quot;section-stretched&quot;}\">\n\t\t\t\t\t\t<div class=\"elementor-container elementor-column-gap-wider\">\n\t\t\t\t\t<div class=\"elementor-column elementor-col-100 elementor-top-column elementor-element elementor-element-1bf4a1d\" data-id=\"1bf4a1d\" data-element_type=\"column\">\n\t\t\t<div class=\"elementor-widget-wrap elementor-element-populated\">\n\t\t\t\t\t\t<section class=\"elementor-section elementor-inner-section elementor-element elementor-element-222742a elementor-section-content-middle elementor-section-boxed elementor-section-height-default elementor-section-height-default\" data-id=\"222742a\" data-element_type=\"section\">\n\t\t\t\t\t\t<div class=\"elementor-container elementor-column-gap-default\">\n\t\t\t\t\t<div class=\"elementor-column elementor-col-100 elementor-inner-column elementor-element elementor-element-bc62910\" data-id=\"bc62910\" data-element_type=\"column\">\n\t\t\t<div class=\"elementor-widget-wrap elementor-element-populated\">\n\t\t\t\t\t\t<div class=\"elementor-element elementor-element-4a88ff8 elementor-widget elementor-widget-text-editor\" data-id=\"4a88ff8\" data-element_type=\"widget\" data-widget_type=\"text-editor.default\">\n\t\t\t\t<div class=\"elementor-widget-container\">\n\t\t\t<style>\/*! elementor - v3.23.0 - 25-07-2024 *\/\n.elementor-widget-text-editor.elementor-drop-cap-view-stacked .elementor-drop-cap{background-color:#69727d;color:#fff}.elementor-widget-text-editor.elementor-drop-cap-view-framed .elementor-drop-cap{color:#69727d;border:3px solid;background-color:transparent}.elementor-widget-text-editor:not(.elementor-drop-cap-view-default) .elementor-drop-cap{margin-top:8px}.elementor-widget-text-editor:not(.elementor-drop-cap-view-default) .elementor-drop-cap-letter{width:1em;height:1em}.elementor-widget-text-editor .elementor-drop-cap{float:left;text-align:center;line-height:1;font-size:50px}.elementor-widget-text-editor .elementor-drop-cap-letter{display:inline-block}<\/style>\t\t\t\t<h2><span style=\"color: #ff0000; font-family: cormorant; letter-spacing: 0px;\">WIBSO: <\/span><span style=\"font-family: cormorant; letter-spacing: 0px; color: #000000;\">O platform\u0103 creat\u0103 pentru avertizori, de speciali\u0219ti \u00een gestionarea integrit\u0103\u021bii<\/span><\/h2>\t\t\t\t\t\t<\/div>\n\t\t\t\t<\/div>\n\t\t\t\t<div class=\"elementor-element elementor-element-a64c3af elementor-widget elementor-widget-image\" data-id=\"a64c3af\" data-element_type=\"widget\" data-widget_type=\"image.default\">\n\t\t\t\t<div class=\"elementor-widget-container\">\n\t\t\t<style>\/*! elementor - v3.23.0 - 25-07-2024 *\/\n.elementor-widget-image{text-align:center}.elementor-widget-image a{display:inline-block}.elementor-widget-image a img[src$=\".svg\"]{width:48px}.elementor-widget-image img{vertical-align:middle;display:inline-block}<\/style>\t\t\t\t\t\t\t\t\t\t<img fetchpriority=\"high\" decoding=\"async\" width=\"1080\" height=\"474\" src=\"https:\/\/wibso.ro\/wp-content\/uploads\/2023\/03\/Articol-1.png\" class=\"attachment-full size-full wp-image-165\" alt=\"\" srcset=\"https:\/\/wibso.ro\/wp-content\/uploads\/2023\/03\/Articol-1.png 1080w, https:\/\/wibso.ro\/wp-content\/uploads\/2023\/03\/Articol-1-300x132.png 300w, https:\/\/wibso.ro\/wp-content\/uploads\/2023\/03\/Articol-1-1024x449.png 1024w, https:\/\/wibso.ro\/wp-content\/uploads\/2023\/03\/Articol-1-768x337.png 768w, https:\/\/wibso.ro\/wp-content\/uploads\/2023\/03\/Articol-1-260x114.png 260w, https:\/\/wibso.ro\/wp-content\/uploads\/2023\/03\/Articol-1-50x22.png 50w, https:\/\/wibso.ro\/wp-content\/uploads\/2023\/03\/Articol-1-150x66.png 150w\" sizes=\"(max-width: 1080px) 100vw, 1080px\" \/>\t\t\t\t\t\t\t\t\t\t\t\t\t<\/div>\n\t\t\t\t<\/div>\n\t\t\t\t\t<\/div>\n\t\t<\/div>\n\t\t\t\t\t<\/div>\n\t\t<\/section>\n\t\t\t\t<div class=\"elementor-element elementor-element-4a419d2 elementor-widget elementor-widget-text-editor\" data-id=\"4a419d2\" data-element_type=\"widget\" data-widget_type=\"text-editor.default\">\n\t\t\t\t<div class=\"elementor-widget-container\">\n\t\t\t\t\t\t\t<p>Corporate Intelligence Agency, \u00een calitate de furnizor de top de informa\u021bii de afaceri, a dezvoltat WIBSO pentru \u00eentreprinderile private, cu un scop clar: s\u0103 ofere solu\u021bii inteligente de whistleblowing. \u0218tim c\u0103 un sistem de conformitate puternic \u0219i inteligent modeleaz\u0103 o adev\u0103rat\u0103 cultur\u0103 organiza\u021bional\u0103 \u0219i \u0219tim c\u0103 aceasta este ceea ce ajut\u0103 companiile s\u0103 navigheze pe vreme de furtun\u0103.<\/p>\n<p>WIBSO este cu adev\u0103rat unic, la fel ca \u0219i compania dumneavoastr\u0103: inteligent, personalizat, axat pe solu\u021bii \u0219i conceput de lideri \u00een domeniile lor.<\/p>\n<p>Pute\u021bi afla mai multe despre Corporate Intelligence Agency <a href=\"http:\/\/www.corporateintelligence.ro\">aici<\/a>:<\/p>\t\t\t\t\t\t<\/div>\n\t\t\t\t<\/div>\n\t\t\t\t\t<\/div>\n\t\t<\/div>\n\t\t\t\t\t<\/div>\n\t\t<\/section>\n\t\t\t\t<\/div>","protected":false},"excerpt":{"rendered":"<p>WIBSO: A platform made for whistleblowers, by specialists in integrity management The Corporate Intelligence Agency, as a leading business intelligence provider,\u00a0developed WIBSO for private businesses, with<span class=\"excerpt-hellip\"> [...]<\/span><\/p>","protected":false},"author":1,"featured_media":0,"parent":0,"menu_order":0,"comment_status":"open","ping_status":"open","template":"","meta":{"footnotes":""},"class_list":["post-242","page","type-page","status-publish","hentry"],"_links":{"self":[{"href":"https:\/\/wibso.ro\/ro\/wp-json\/wp\/v2\/pages\/242","targetHints":{"allow":["GET"]}}],"collection":[{"href":"https:\/\/wibso.ro\/ro\/wp-json\/wp\/v2\/pages"}],"about":[{"href":"https:\/\/wibso.ro\/ro\/wp-json\/wp\/v2\/types\/page"}],"author":[{"embeddable":true,"href":"https:\/\/wibso.ro\/ro\/wp-json\/wp\/v2\/users\/1"}],"replies":[{"embeddable":true,"href":"https:\/\/wibso.ro\/ro\/wp-json\/wp\/v2\/comments?post=242"}],"version-history":[{"count":8,"href":"https:\/\/wibso.ro\/ro\/wp-json\/wp\/v2\/pages\/242\/revisions"}],"predecessor-version":[{"id":338,"href":"https:\/\/wibso.ro\/ro\/wp-json\/wp\/v2\/pages\/242\/revisions\/338"}],"wp:attachment":[{"href":"https:\/\/wibso.ro\/ro\/wp-json\/wp\/v2\/media?parent=242"}],"curies":[{"name":"wp","href":"https:\/\/api.w.org\/{rel}","templated":true}]}}